{"id":26,"date":"2022-03-14T15:06:56","date_gmt":"2022-03-14T15:06:56","guid":{"rendered":"https:\/\/www.bealertcaribbean.com\/fr\/?page_id=26"},"modified":"2022-10-31T17:21:26","modified_gmt":"2022-10-31T17:21:26","slug":"faqs","status":"publish","type":"page","link":"https:\/\/www.bealertcaribbean.com\/fr\/faqs\/","title":{"rendered":"FAQs"},"content":{"rendered":"<p>[vc_row css_animation=&#8221;&#8221; row_type=&#8221;row&#8221; use_row_as_full_screen_section=&#8221;no&#8221; type=&#8221;full_width&#8221; angled_section=&#8221;no&#8221; text_align=&#8221;left&#8221; background_image_as_pattern=&#8221;without_pattern&#8221; css=&#8221;.vc_custom_1652474093476{padding-top: 7% !important;padding-bottom: 10% !important;}&#8221; z_index=&#8221;&#8221;][vc_column width=&#8221;1\/6&#8243;][\/vc_column][vc_column width=&#8221;2\/3&#8243;]<div class=\"qode-accordion-holder clearfix qode-accordion qode-initial \">\n\t<h3 class=\"clearfix qode-title-holder\">\n<span class=\"qode-tab-title\">\n\t    <span class=\"qode-tab-title-inner\">\n        Ki jan manm BeAlert Vacation lan travay?    <\/span>\n<\/span>\n<span class=\"qode-accordion-mark\">\n    <span class=\"qode-accordion-mark-icon\">\n        <span class=\"icon_plus\"><\/span>\n        <span class=\"icon_minus-06\"><\/span>\n    <\/span>\n<\/span>\n<\/h3>\n<div  class=\"qode-accordion-content \" >\n    <div class=\"qode-accordion-content-inner\">\n        [vc_column_text]L\u00e8 ou enskri pou yon manm BeAlert Vacation, nou ede w mete pwofil ou ak tout enf\u00f2masyon ki neses\u00e8 pou ede w nan ka yon medikal ijans.<\/p>\n<p>Nou retire estr\u00e8s la nan eseye navige sist\u00e8m medikal la nan yon destinasyon abitye. Nou gen yon rezo medikal vaste atrav\u00e8 rejyon karayib la pou k\u00e8lkeswa kote ou ye, nou kapab konekte fasilman ak swen ou bezwen an epi n ap ede w chak etap nan chemen an[\/vc_column_text]    <\/div>\n<\/div><h3 class=\"clearfix qode-title-holder\">\n<span class=\"qode-tab-title\">\n\t    <span class=\"qode-tab-title-inner\">\n        Kisa mwen ta dwe fe si mwen gen yon medical ijans?    <\/span>\n<\/span>\n<span class=\"qode-accordion-mark\">\n    <span class=\"qode-accordion-mark-icon\">\n        <span class=\"icon_plus\"><\/span>\n        <span class=\"icon_minus-06\"><\/span>\n    <\/span>\n<\/span>\n<\/h3>\n<div  class=\"qode-accordion-content \" >\n    <div class=\"qode-accordion-content-inner\">\n        [vc_column_text]Si w gen yon medikal ijans, tanpri kontakte s\u00e8vis ijans lokal lan.<\/p>\n<p>[\/vc_column_text]    <\/div>\n<\/div><h3 class=\"clearfix qode-title-holder\">\n<span class=\"qode-tab-title\">\n\t    <span class=\"qode-tab-title-inner\">\n        Ki jan pou mwen kontakte liy direk asistans 24huer a?    <\/span>\n<\/span>\n<span class=\"qode-accordion-mark\">\n    <span class=\"qode-accordion-mark-icon\">\n        <span class=\"icon_plus\"><\/span>\n        <span class=\"icon_minus-06\"><\/span>\n    <\/span>\n<\/span>\n<\/h3>\n<div  class=\"qode-accordion-content \" >\n    <div class=\"qode-accordion-content-inner\">\n        [vc_column_text]Pou jwenn asistans nan men nou nenp\u00f2t ki l\u00e8, manm BeAlert Vacation ka rele liy dir\u00e8k asistans 24 \u00e8dtan nou an nan <strong>+1-242-323-1162<\/strong> oswa nimero gratis la <strong>+1-242-300-EVAC.<\/strong>[\/vc_column_text]    <\/div>\n<\/div><h3 class=\"clearfix qode-title-holder\">\n<span class=\"qode-tab-title\">\n\t    <span class=\"qode-tab-title-inner\">\n        Mwen gen yon pwoblem medikal ki egziste deja, eske mwen ka toujou enskri pou m\u2019 ka vin yon manm BeAlert Vacation?    <\/span>\n<\/span>\n<span class=\"qode-accordion-mark\">\n    <span class=\"qode-accordion-mark-icon\">\n        <span class=\"icon_plus\"><\/span>\n        <span class=\"icon_minus-06\"><\/span>\n    <\/span>\n<\/span>\n<\/h3>\n<div  class=\"qode-accordion-content \" >\n    <div class=\"qode-accordion-content-inner\">\n        [vc_column_text]Wi! Nou ankouraje anpil vwayaj\u00e8 ki gen pwobl\u00e8m medikal pre-egziste k ap pase vakans nan karayib la pou yo enskri pou BeAlert Vacation. Ou ka rete fasil epi jwi vakans ou konnen ke si ou bezwen swen medikal, nou se yon etap pi devan pou jwenn tretman ou bezwen an![\/vc_column_text]    <\/div>\n<\/div><h3 class=\"clearfix qode-title-holder\">\n<span class=\"qode-tab-title\">\n\t    <span class=\"qode-tab-title-inner\">\n        Mwen vwayaje avek fanmi mwen, ki jan mwen ka asire yo tou?    <\/span>\n<\/span>\n<span class=\"qode-accordion-mark\">\n    <span class=\"qode-accordion-mark-icon\">\n        <span class=\"icon_plus\"><\/span>\n        <span class=\"icon_minus-06\"><\/span>\n    <\/span>\n<\/span>\n<\/h3>\n<div  class=\"qode-accordion-content \" >\n    <div class=\"qode-accordion-content-inner\">\n        [vc_column_text]L\u00e8 ou enskri pou manm BeAlert Vacation, tanpri f\u00e8 nou konnen ki kantite moun ki nan pati ou ki bezwen pwotesyon epi swiv etap yo pou soum\u00e8t enf\u00f2masyon yo. Manb BeAlert Vacation ka kouvri tout moun nan pati ou, k\u00e8lkeswa laj yo.[\/vc_column_text]    <\/div>\n<\/div><h3 class=\"clearfix qode-title-holder\">\n<span class=\"qode-tab-title\">\n\t    <span class=\"qode-tab-title-inner\">\n        Eske manm BeAlert la kouvri vol anbilans avyon yo?    <\/span>\n<\/span>\n<span class=\"qode-accordion-mark\">\n    <span class=\"qode-accordion-mark-icon\">\n        <span class=\"icon_plus\"><\/span>\n        <span class=\"icon_minus-06\"><\/span>\n    <\/span>\n<\/span>\n<\/h3>\n<div  class=\"qode-accordion-content \" >\n    <div class=\"qode-accordion-content-inner\">\n        [vc_column_text]Non, manm BeAlert Vacation yo pa enkli v\u00f2l avyon anbilans yo.<\/p>\n<p>Si w trouve ou bezwen yon anbilans avyon (pou ijans oswa pou transp\u00f2 medikal ki pa ijans), n ap evalye sitiyasyon an se soulon kote ou ye ak gravite ensidan an. Nou pral \u00f2ganize pou voye youn nan anbilans avyon nou yo oswa kow\u00f2done ak yon l\u00f2t konpayi anbilans ayeryen se soulon sa ki pi byen adapte sitityasyon an.[\/vc_column_text]    <\/div>\n<\/div><h3 class=\"clearfix qode-title-holder\">\n<span class=\"qode-tab-title\">\n\t    <span class=\"qode-tab-title-inner\">\n        Ki kote mwen kouvri ak pwogram sa a?    <\/span>\n<\/span>\n<span class=\"qode-accordion-mark\">\n    <span class=\"qode-accordion-mark-icon\">\n        <span class=\"icon_plus\"><\/span>\n        <span class=\"icon_minus-06\"><\/span>\n    <\/span>\n<\/span>\n<\/h3>\n<div  class=\"qode-accordion-content \" >\n    <div class=\"qode-accordion-content-inner\">\n        [vc_column_text]Av\u00e8k BeAlert Vacation ou kouvri nenp\u00f2t kote nan rejyon karayib la eksepte p\u00f2toriko ak zile Vy\u00e8j Ameriken yo, nou pa kouvri kote sa yo.[\/vc_column_text]    <\/div>\n<\/div><h3 class=\"clearfix qode-title-holder\">\n<span class=\"qode-tab-title\">\n\t    <span class=\"qode-tab-title-inner\">\n        Si mwen pa gen asirans medikal, eske mwen ka toujou enskri nan pwogram BeAlert Vacation lan?    <\/span>\n<\/span>\n<span class=\"qode-accordion-mark\">\n    <span class=\"qode-accordion-mark-icon\">\n        <span class=\"icon_plus\"><\/span>\n        <span class=\"icon_minus-06\"><\/span>\n    <\/span>\n<\/span>\n<\/h3>\n<div  class=\"qode-accordion-content \" >\n    <div class=\"qode-accordion-content-inner\">\n        [vc_column_text]Natir\u00e8lman! Nou toujou Jere enskri medikal pou yon plan asirans medikal vwayaj anvan ou ale an vakans, sepandan ou plis pase akeyi pou enskri pou BeAlert Vacation av\u00e8k oswa san kouv\u00e8ti asirans medikal.[\/vc_column_text]    <\/div>\n<\/div><h3 class=\"clearfix qode-title-holder\">\n<span class=\"qode-tab-title\">\n\t    <span class=\"qode-tab-title-inner\">\n        Eske pwogram nan kouvri mine yo?    <\/span>\n<\/span>\n<span class=\"qode-accordion-mark\">\n    <span class=\"qode-accordion-mark-icon\">\n        <span class=\"icon_plus\"><\/span>\n        <span class=\"icon_minus-06\"><\/span>\n    <\/span>\n<\/span>\n<\/h3>\n<div  class=\"qode-accordion-content \" >\n    <div class=\"qode-accordion-content-inner\">\n        [vc_column_text]Wi \u2013 ab\u00f2nman BeAlert Vacation nou yo kouvri moun ki gen tout laj.[\/vc_column_text]    <\/div>\n<\/div><h3 class=\"clearfix qode-title-holder\">\n<span class=\"qode-tab-title\">\n\t    <span class=\"qode-tab-title-inner\">\n        Kisa ki ka pase m\u2019 si mwen pa gen yon ka ijans?    <\/span>\n<\/span>\n<span class=\"qode-accordion-mark\">\n    <span class=\"qode-accordion-mark-icon\">\n        <span class=\"icon_plus\"><\/span>\n        <span class=\"icon_minus-06\"><\/span>\n    <\/span>\n<\/span>\n<\/h3>\n<div  class=\"qode-accordion-content \" >\n    <div class=\"qode-accordion-content-inner\">\n        [vc_column_text]Kit ou nan yon sitiyasyon ki ijans oswa ki pa ijans, ou santi yon lib pou kontakte liy dir\u00e8k asistans 24 \u00e8dtan nou an, a nenp\u00f2t ki l\u00e8.[\/vc_column_text]    <\/div>\n<\/div><h3 class=\"clearfix qode-title-holder\">\n<span class=\"qode-tab-title\">\n\t    <span class=\"qode-tab-title-inner\">\n        Eske mwen ap jwenn yon vol avyon anbilans le mwen enskri nan rezo ijans karayib la?    <\/span>\n<\/span>\n<span class=\"qode-accordion-mark\">\n    <span class=\"qode-accordion-mark-icon\">\n        <span class=\"icon_plus\"><\/span>\n        <span class=\"icon_minus-06\"><\/span>\n    <\/span>\n<\/span>\n<\/h3>\n<div  class=\"qode-accordion-content \" >\n    <div class=\"qode-accordion-content-inner\">\n        [vc_column_text]Non, v\u00f2l anbilans avyon yo pa enkli nan rezo ijans karayib la.<\/p>\n<p>Siw bezwen transp\u00f2te w atrav\u00e8 anbilans avyon n ap ede w kow\u00f2done lojistik la epi \u00f2ganize v\u00f2l la atrav\u00e8 BahamasEvac pou ou. Alt\u00e8nativman, nou pral konekte ou ak yon l\u00f2t founis\u00e8 anbilans avyon si nou pa disponib. Sepandan, ou pral responsab pou kouvri tout pri v\u00f2l la.<\/p>\n<p>BahamasEvac gen plizy\u00e8 opsyon pou manm anbilans l\u00e8 ki gen ladan yon s\u00e8ten kantite v\u00f2l medivac pou chak ane.<\/p>\n<p>Manb BeAlert Sky nou yo vini nan Basic, Gold ak Platinum ak opsyon po kouvri s\u00e8lman yon moun oswa tout fanmi an. Nan ka ou bezwen yon anbilans avyon, manm BeAlert Sky ou a kouvri ant 2 a 4 v\u00f2l pa ane depann de manm ou chwazi a.<\/p>\n<p>Tcheke manm <strong>BeAlert Sky<\/strong> anbilans avyon nou yo isit la <a href=\"https:\/\/www.bahamasevac.com\/air-ambulance\/\" target=\"_blank\" rel=\"noopener\">https:\/\/www.bahamasevac.com\/air-ambulance\/<\/a>[\/vc_column_text]    <\/div>\n<\/div><h3 class=\"clearfix qode-title-holder\">\n<span class=\"qode-tab-title\">\n\t    <span class=\"qode-tab-title-inner\">\n        Poukisa ou bezwen dokiman mwen pou w ka enskri mwen nan rezo ijans karayib la?    <\/span>\n<\/span>\n<span class=\"qode-accordion-mark\">\n    <span class=\"qode-accordion-mark-icon\">\n        <span class=\"icon_plus\"><\/span>\n        <span class=\"icon_minus-06\"><\/span>\n    <\/span>\n<\/span>\n<\/h3>\n<div  class=\"qode-accordion-content \" >\n    <div class=\"qode-accordion-content-inner\">\n        [vc_column_text]Rezo ijans karayib la se premye etap pou jwenn swen medikal ou bezwen an pi vit posib.<\/p>\n<p>L\u00e8 nou gen dokiman ou yo nan dosye sa ede akselere pwosesis kow\u00f2done swen an si yon aksidan inatandi oswa yon malady ta rive. Sa a ede diminye tan datant epi f\u00e8 yon tan repons pi efikas ak pi rapid.[\/vc_column_text]    <\/div>\n<\/div><h3 class=\"clearfix qode-title-holder\">\n<span class=\"qode-tab-title\">\n\t    <span class=\"qode-tab-title-inner\">\n        Eske enfomasyon pesonel mwen yo kenbe prive, an sekirite le mwen telechaje yo?    <\/span>\n<\/span>\n<span class=\"qode-accordion-mark\">\n    <span class=\"qode-accordion-mark-icon\">\n        <span class=\"icon_plus\"><\/span>\n        <span class=\"icon_minus-06\"><\/span>\n    <\/span>\n<\/span>\n<\/h3>\n<div  class=\"qode-accordion-content \" >\n    <div class=\"qode-accordion-content-inner\">\n        [vc_column_text]Wi, enf\u00f2masyon ou yo kenbe prive nan sist\u00e8m nou an epi ekip nou an s\u00e8lman jwenn aks\u00e8 nan si w bezwen asistans medikal ijans.[\/vc_column_text]    <\/div>\n<\/div><h3 class=\"clearfix qode-title-holder\">\n<span class=\"qode-tab-title\">\n\t    <span class=\"qode-tab-title-inner\">\n        Ki tout peyi nan karayib la ki kalifye pou rezo ijans karayib la?    <\/span>\n<\/span>\n<span class=\"qode-accordion-mark\">\n    <span class=\"qode-accordion-mark-icon\">\n        <span class=\"icon_plus\"><\/span>\n        <span class=\"icon_minus-06\"><\/span>\n    <\/span>\n<\/span>\n<\/h3>\n<div  class=\"qode-accordion-content \" >\n    <div class=\"qode-accordion-content-inner\">\n        [vc_column_text]Non, rezo ijans karayib la gratis pou you sitwayen karayib ak rezidan p\u00e8manan:<\/p>\n<p>Anguilla<br \/>\nAntigua &amp; Barbuda<br \/>\nBarbados<br \/>\nBritish Virgin Islands<br \/>\nThe Bahamas<br \/>\nCuba<br \/>\nDominica<br \/>\nDominican Republic<br \/>\nGrenada<br \/>\nGuadelope<br \/>\nHaiti<br \/>\nJamaica<br \/>\nMartinique<br \/>\nSaint Barthelemy<br \/>\nSaint Kitts &amp; Nevis<br \/>\nSt. Lucia<br \/>\nSaint Martin<br \/>\nSt. Vincent &amp; Grenadines<br \/>\nTrinidad &amp; Tobago<br \/>\nU.S Virgin Islands[\/vc_column_text]    <\/div>\n<\/div><h3 class=\"clearfix qode-title-holder\">\n<span class=\"qode-tab-title\">\n\t    <span class=\"qode-tab-title-inner\">\n        Eske gen yon fre pou rezo ijans karayib la?    <\/span>\n<\/span>\n<span class=\"qode-accordion-mark\">\n    <span class=\"qode-accordion-mark-icon\">\n        <span class=\"icon_plus\"><\/span>\n        <span class=\"icon_minus-06\"><\/span>\n    <\/span>\n<\/span>\n<\/h3>\n<div  class=\"qode-accordion-content \" >\n    <div class=\"qode-accordion-content-inner\">\n        [vc_column_text]No, the Caribbean Emergency Network is free to all Caribbean citizens and permanent residents.[\/vc_column_text]    <\/div>\n<\/div><\/div>[\/vc_column][vc_column width=&#8221;1\/6&#8243;][\/vc_column][\/vc_row]<\/p>\n","protected":false},"excerpt":{"rendered":"<p>[vc_row css_animation=&#8221;&#8221; row_type=&#8221;row&#8221; use_row_as_full_screen_section=&#8221;no&#8221; type=&#8221;full_width&#8221; angled_section=&#8221;no&#8221; text_align=&#8221;left&#8221; background_image_as_pattern=&#8221;without_pattern&#8221; css=&#8221;.vc_custom_1652474093476{padding-top: 7% !important;padding-bottom: 10% !important;}&#8221; z_index=&#8221;&#8221;][vc_column width=&#8221;1\/6&#8243;][\/vc_column][vc_column width=&#8221;2\/3&#8243;][\/vc_column][vc_column width=&#8221;1\/6&#8243;][\/vc_column][\/vc_row]<\/p>\n","protected":false},"author":1,"featured_media":0,"parent":0,"menu_order":0,"comment_status":"closed","ping_status":"closed","template":"","meta":{"footnotes":""},"class_list":["post-26","page","type-page","status-publish","hentry"],"yoast_head":"<!-- This site is optimized with the Yoast SEO plugin v19.7.1 - https:\/\/yoast.com\/wordpress\/plugins\/seo\/ -->\n<title>FAQs - BeAlert powered by BahamasEvac<\/title>\n<meta name=\"robots\" content=\"index, follow, max-snippet:-1, max-image-preview:large, max-video-preview:-1\" \/>\n<link rel=\"canonical\" href=\"https:\/\/www.bealertcaribbean.com\/fr\/faqs\/\" \/>\n<meta property=\"og:locale\" content=\"en_US\" \/>\n<meta property=\"og:type\" content=\"article\" \/>\n<meta property=\"og:title\" content=\"FAQs - BeAlert powered by BahamasEvac\" \/>\n<meta property=\"og:description\" content=\"[vc_row css_animation=&#8221;&#8221; row_type=&#8221;row&#8221; use_row_as_full_screen_section=&#8221;no&#8221; type=&#8221;full_width&#8221; angled_section=&#8221;no&#8221; text_align=&#8221;left&#8221; background_image_as_pattern=&#8221;without_pattern&#8221; css=&#8221;.vc_custom_1652474093476{padding-top: 7% !important;padding-bottom: 10% !important;}&#8221; z_index=&#8221;&#8221;][vc_column width=&#8221;1\/6&#8243;][\/vc_column][vc_column width=&#8221;2\/3&#8243;][\/vc_column][vc_column width=&#8221;1\/6&#8243;][\/vc_column][\/vc_row]\" \/>\n<meta property=\"og:url\" content=\"https:\/\/www.bealertcaribbean.com\/fr\/faqs\/\" \/>\n<meta property=\"og:site_name\" content=\"BeAlert powered by BahamasEvac\" \/>\n<meta property=\"article:modified_time\" content=\"2022-10-31T17:21:26+00:00\" \/>\n<meta name=\"twitter:card\" content=\"summary_large_image\" \/>\n<meta name=\"twitter:label1\" content=\"Est. reading time\" \/>\n\t<meta name=\"twitter:data1\" content=\"4 minutes\" \/>\n<script type=\"application\/ld+json\" class=\"yoast-schema-graph\">{\"@context\":\"https:\/\/schema.org\",\"@graph\":[{\"@type\":\"WebPage\",\"@id\":\"https:\/\/www.bealertcaribbean.com\/fr\/faqs\/\",\"url\":\"https:\/\/www.bealertcaribbean.com\/fr\/faqs\/\",\"name\":\"FAQs - BeAlert powered by BahamasEvac\",\"isPartOf\":{\"@id\":\"https:\/\/www.bealertcaribbean.com\/fr\/#website\"},\"datePublished\":\"2022-03-14T15:06:56+00:00\",\"dateModified\":\"2022-10-31T17:21:26+00:00\",\"breadcrumb\":{\"@id\":\"https:\/\/www.bealertcaribbean.com\/fr\/faqs\/#breadcrumb\"},\"inLanguage\":\"en-US\",\"potentialAction\":[{\"@type\":\"ReadAction\",\"target\":[\"https:\/\/www.bealertcaribbean.com\/fr\/faqs\/\"]}]},{\"@type\":\"BreadcrumbList\",\"@id\":\"https:\/\/www.bealertcaribbean.com\/fr\/faqs\/#breadcrumb\",\"itemListElement\":[{\"@type\":\"ListItem\",\"position\":1,\"name\":\"Home\",\"item\":\"https:\/\/www.bealertcaribbean.com\/fr\/\"},{\"@type\":\"ListItem\",\"position\":2,\"name\":\"FAQs\"}]},{\"@type\":\"WebSite\",\"@id\":\"https:\/\/www.bealertcaribbean.com\/fr\/#website\",\"url\":\"https:\/\/www.bealertcaribbean.com\/fr\/\",\"name\":\"BeAlert powered by BahamasEvac\",\"description\":\"\",\"publisher\":{\"@id\":\"https:\/\/www.bealertcaribbean.com\/fr\/#organization\"},\"potentialAction\":[{\"@type\":\"SearchAction\",\"target\":{\"@type\":\"EntryPoint\",\"urlTemplate\":\"https:\/\/www.bealertcaribbean.com\/fr\/?s={search_term_string}\"},\"query-input\":\"required name=search_term_string\"}],\"inLanguage\":\"en-US\"},{\"@type\":\"Organization\",\"@id\":\"https:\/\/www.bealertcaribbean.com\/fr\/#organization\",\"name\":\"BeAlert powered by BahamasEvac\",\"url\":\"https:\/\/www.bealertcaribbean.com\/fr\/\",\"sameAs\":[],\"logo\":{\"@type\":\"ImageObject\",\"inLanguage\":\"en-US\",\"@id\":\"https:\/\/www.bealertcaribbean.com\/fr\/#\/schema\/logo\/image\/\",\"url\":\"https:\/\/www.bealertcaribbean.com\/fr\/wp-content\/uploads\/2022\/03\/BE-Alert-logo.png\",\"contentUrl\":\"https:\/\/www.bealertcaribbean.com\/fr\/wp-content\/uploads\/2022\/03\/BE-Alert-logo.png\",\"width\":1954,\"height\":759,\"caption\":\"BeAlert powered by BahamasEvac\"},\"image\":{\"@id\":\"https:\/\/www.bealertcaribbean.com\/fr\/#\/schema\/logo\/image\/\"}}]}<\/script>\n<!-- \/ Yoast SEO plugin. -->","yoast_head_json":{"title":"FAQs - BeAlert powered by BahamasEvac","robots":{"index":"index","follow":"follow","max-snippet":"max-snippet:-1","max-image-preview":"max-image-preview:large","max-video-preview":"max-video-preview:-1"},"canonical":"https:\/\/www.bealertcaribbean.com\/fr\/faqs\/","og_locale":"en_US","og_type":"article","og_title":"FAQs - BeAlert powered by BahamasEvac","og_description":"[vc_row css_animation=&#8221;&#8221; row_type=&#8221;row&#8221; use_row_as_full_screen_section=&#8221;no&#8221; type=&#8221;full_width&#8221; angled_section=&#8221;no&#8221; text_align=&#8221;left&#8221; background_image_as_pattern=&#8221;without_pattern&#8221; css=&#8221;.vc_custom_1652474093476{padding-top: 7% !important;padding-bottom: 10% !important;}&#8221; z_index=&#8221;&#8221;][vc_column width=&#8221;1\/6&#8243;][\/vc_column][vc_column width=&#8221;2\/3&#8243;][\/vc_column][vc_column width=&#8221;1\/6&#8243;][\/vc_column][\/vc_row]","og_url":"https:\/\/www.bealertcaribbean.com\/fr\/faqs\/","og_site_name":"BeAlert powered by BahamasEvac","article_modified_time":"2022-10-31T17:21:26+00:00","twitter_card":"summary_large_image","twitter_misc":{"Est. reading time":"4 minutes"},"schema":{"@context":"https:\/\/schema.org","@graph":[{"@type":"WebPage","@id":"https:\/\/www.bealertcaribbean.com\/fr\/faqs\/","url":"https:\/\/www.bealertcaribbean.com\/fr\/faqs\/","name":"FAQs - BeAlert powered by BahamasEvac","isPartOf":{"@id":"https:\/\/www.bealertcaribbean.com\/fr\/#website"},"datePublished":"2022-03-14T15:06:56+00:00","dateModified":"2022-10-31T17:21:26+00:00","breadcrumb":{"@id":"https:\/\/www.bealertcaribbean.com\/fr\/faqs\/#breadcrumb"},"inLanguage":"en-US","potentialAction":[{"@type":"ReadAction","target":["https:\/\/www.bealertcaribbean.com\/fr\/faqs\/"]}]},{"@type":"BreadcrumbList","@id":"https:\/\/www.bealertcaribbean.com\/fr\/faqs\/#breadcrumb","itemListElement":[{"@type":"ListItem","position":1,"name":"Home","item":"https:\/\/www.bealertcaribbean.com\/fr\/"},{"@type":"ListItem","position":2,"name":"FAQs"}]},{"@type":"WebSite","@id":"https:\/\/www.bealertcaribbean.com\/fr\/#website","url":"https:\/\/www.bealertcaribbean.com\/fr\/","name":"BeAlert powered by BahamasEvac","description":"","publisher":{"@id":"https:\/\/www.bealertcaribbean.com\/fr\/#organization"},"potentialAction":[{"@type":"SearchAction","target":{"@type":"EntryPoint","urlTemplate":"https:\/\/www.bealertcaribbean.com\/fr\/?s={search_term_string}"},"query-input":"required name=search_term_string"}],"inLanguage":"en-US"},{"@type":"Organization","@id":"https:\/\/www.bealertcaribbean.com\/fr\/#organization","name":"BeAlert powered by BahamasEvac","url":"https:\/\/www.bealertcaribbean.com\/fr\/","sameAs":[],"logo":{"@type":"ImageObject","inLanguage":"en-US","@id":"https:\/\/www.bealertcaribbean.com\/fr\/#\/schema\/logo\/image\/","url":"https:\/\/www.bealertcaribbean.com\/fr\/wp-content\/uploads\/2022\/03\/BE-Alert-logo.png","contentUrl":"https:\/\/www.bealertcaribbean.com\/fr\/wp-content\/uploads\/2022\/03\/BE-Alert-logo.png","width":1954,"height":759,"caption":"BeAlert powered by BahamasEvac"},"image":{"@id":"https:\/\/www.bealertcaribbean.com\/fr\/#\/schema\/logo\/image\/"}}]}},"_links":{"self":[{"href":"https:\/\/www.bealertcaribbean.com\/fr\/wp-json\/wp\/v2\/pages\/26","targetHints":{"allow":["GET"]}}],"collection":[{"href":"https:\/\/www.bealertcaribbean.com\/fr\/wp-json\/wp\/v2\/pages"}],"about":[{"href":"https:\/\/www.bealertcaribbean.com\/fr\/wp-json\/wp\/v2\/types\/page"}],"author":[{"embeddable":true,"href":"https:\/\/www.bealertcaribbean.com\/fr\/wp-json\/wp\/v2\/users\/1"}],"replies":[{"embeddable":true,"href":"https:\/\/www.bealertcaribbean.com\/fr\/wp-json\/wp\/v2\/comments?post=26"}],"version-history":[{"count":10,"href":"https:\/\/www.bealertcaribbean.com\/fr\/wp-json\/wp\/v2\/pages\/26\/revisions"}],"predecessor-version":[{"id":431,"href":"https:\/\/www.bealertcaribbean.com\/fr\/wp-json\/wp\/v2\/pages\/26\/revisions\/431"}],"wp:attachment":[{"href":"https:\/\/www.bealertcaribbean.com\/fr\/wp-json\/wp\/v2\/media?parent=26"}],"curies":[{"name":"wp","href":"https:\/\/api.w.org\/{rel}","templated":true}]}}