{"id":393,"date":"2022-10-13T18:20:44","date_gmt":"2022-10-13T18:20:44","guid":{"rendered":"https:\/\/www.bealertcaribbean.com\/fr\/?page_id=393"},"modified":"2022-10-24T16:31:48","modified_gmt":"2022-10-24T16:31:48","slug":"home-2","status":"publish","type":"page","link":"https:\/\/www.bealertcaribbean.com\/fr\/","title":{"rendered":"Landing"},"content":{"rendered":"<p>[vc_row css_animation=&#8221;&#8221; row_type=&#8221;row&#8221; use_row_as_full_screen_section=&#8221;no&#8221; type=&#8221;full_width&#8221; angled_section=&#8221;no&#8221; text_align=&#8221;left&#8221; background_image_as_pattern=&#8221;without_pattern&#8221; css=&#8221;.vc_custom_1662656579873{padding-top: 3% !important;padding-bottom: 0px !important;background-position: 0 0 !important;background-repeat: repeat !important;}&#8221; z_index=&#8221;&#8221; el_class=&#8221;headtop&#8221;][vc_column][vc_row_inner row_type=&#8221;row&#8221; type=&#8221;full_width&#8221; text_align=&#8221;left&#8221; css_animation=&#8221;&#8221;][vc_column_inner width=&#8221;1\/4&#8243;][\/vc_column_inner][vc_column_inner width=&#8221;1\/2&#8243;][vc_column_text]<img decoding=\"async\" class=\"aligncenter size-medium wp-image-344\" src=\"https:\/\/www.bealertcaribbean.com\/fr\/wp-content\/uploads\/2022\/09\/BeAlert-logo-300x139.png\" alt=\"\" width=\"300\" height=\"139\" srcset=\"https:\/\/www.bealertcaribbean.com\/fr\/wp-content\/uploads\/2022\/09\/BeAlert-logo-300x139.png 300w, https:\/\/www.bealertcaribbean.com\/fr\/wp-content\/uploads\/2022\/09\/BeAlert-logo.png 407w\" sizes=\"(max-width: 300px) 100vw, 300px\" \/>[\/vc_column_text][\/vc_column_inner][vc_column_inner width=&#8221;1\/4&#8243;][vc_column_text]<a href=\"https:\/\/www.bealertcaribbean.com\"><img decoding=\"async\" class=\"aligncenter size-full wp-image-415\" src=\"https:\/\/www.bealertcaribbean.com\/fr\/wp-content\/uploads\/2022\/10\/eng.png\" alt=\"\" width=\"50\" height=\"30\" \/><\/a>[\/vc_column_text][\/vc_column_inner][\/vc_row_inner][vc_row_inner row_type=&#8221;row&#8221; type=&#8221;full_width&#8221; text_align=&#8221;left&#8221; css_animation=&#8221;&#8221; css=&#8221;.vc_custom_1662126775663{margin-top: 30px !important;margin-bottom: 40px !important;}&#8221;][vc_column_inner width=&#8221;1\/6&#8243;][\/vc_column_inner][vc_column_inner width=&#8221;2\/3&#8243;]<div class=\"custom_font_holder\" style=\" font-size: 40px; line-height: 47px; font-style: normal; font-weight: 300; color: #ffffff; text-decoration: none; text-align: center;\">Solisyon medikal ijans, sevis karayib la. <\/div>[\/vc_column_inner][vc_column_inner width=&#8221;1\/6&#8243;][\/vc_column_inner][\/vc_row_inner][vc_row_inner row_type=&#8221;row&#8221; type=&#8221;full_width&#8221; text_align=&#8221;left&#8221; css_animation=&#8221;&#8221;][vc_column_inner el_class=&#8221;.centerme&#8221; width=&#8221;1\/2&#8243; css=&#8221;.vc_custom_1662655952062{padding-top: 5% !important;padding-bottom: 5% !important;background-image: url(https:\/\/www.bealertcaribbean.com\/fr\/wp-content\/uploads\/2022\/09\/vacation-bg.jpg?id=364) !important;background-position: center !important;background-repeat: no-repeat !important;background-size: cover !important;}&#8221;][vc_empty_space height=&#8221;100px&#8221;]<a  itemprop=\"url\" href=\"\/fr\/be-alert-vacation\" target=\"_self\" data-hover-border-color='#f4be2e' data-hover-color='#f4be2e' class=\"qbutton  white default\" style=\"\">Vizite karayib la<\/a>[vc_empty_space height=&#8221;100px&#8221;][\/vc_column_inner][vc_column_inner el_class=&#8221;.centerme&#8221; width=&#8221;1\/2&#8243; css=&#8221;.vc_custom_1662656088857{margin-bottom: 15px !important;padding-top: 5% !important;padding-bottom: 5% !important;background-image: url(https:\/\/www.bealertcaribbean.com\/fr\/wp-content\/uploads\/2022\/09\/citizens-bg.jpg?id=363) !important;background-position: center !important;background-repeat: no-repeat !important;background-size: cover !important;}&#8221;][vc_empty_space height=&#8221;100px&#8221;]<a  itemprop=\"url\" href=\"\/fr\/rezo-medikal-ijans-karayib-la\" target=\"_self\" data-hover-border-color='#f4be2e' data-hover-color='#f4be2e' class=\"qbutton  white default\" style=\"\">Sitwayen ak rezidan karayib yo.<\/a>[vc_empty_space height=&#8221;100px&#8221;][\/vc_column_inner][\/vc_row_inner][\/vc_column][\/vc_row][vc_row css_animation=&#8221;&#8221; row_type=&#8221;row&#8221; use_row_as_full_screen_section=&#8221;no&#8221; type=&#8221;grid&#8221; angled_section=&#8221;no&#8221; text_align=&#8221;left&#8221; background_image_as_pattern=&#8221;without_pattern&#8221; css=&#8221;.vc_custom_1662663752680{padding-bottom: 5% !important;background-color: #ffffff !important;}&#8221; z_index=&#8221;&#8221;][vc_column width=&#8221;1\/2&#8243; css=&#8221;.vc_custom_1662039067715{padding-right: 7% !important;padding-left: 10% !important;}&#8221;][vc_empty_space height=&#8221;50px&#8221;][vc_column_text]<\/p>\n<h2><strong>Solisyon pou Vizit\u00e8 <\/strong><\/h2>\n<p>BeAlert vakans se yon solisyon lojistik ijans medical ki kout t\u00e8m pou vizit\u00e8 yo nan karayib la. Nou retire devine nan \u00f2rganize swen medikal ijans.<\/p>\n<p>Si yon bagay grave inatandi oswa yon maladi grav ta rive w\u2019 pandan tan ou lwen lakay ou, nou ede w\u2019 jwenn swen medikal ijans ou bezwen pi vit posib. Nou f\u00e8 vit ak founis\u00e8 swen yo nan non w epi \u00f2rganize tout lojistik medikal ki neses\u00e8 yo.[\/vc_column_text][vc_empty_space]<a  itemprop=\"url\" href=\"\/fr\/be-alert-vacation\" target=\"_self\"  class=\"qbutton  default\" style=\"\">BeAlert Vacation<\/a>[vc_empty_space height=&#8221;50px&#8221;][\/vc_column][vc_column width=&#8221;1\/2&#8243; css=&#8221;.vc_custom_1662651652731{padding-right: 10% !important;padding-left: 7% !important;background-position: center !important;background-repeat: no-repeat !important;background-size: cover !important;}&#8221;][vc_empty_space height=&#8221;20px&#8221;][vc_column_text]<\/p>\n<h2><strong>Solisyon pou Sitwayen Karayib ak Rezidan P\u00e8manan<\/strong><\/h2>\n<p>Si ou menm oswa yon moun ou renmem f\u00e8 eksperyans ijans medikal epi ou bezwen \u00f2rganize asistans ijans oswa anbilans ayeryen, n ap la pou konekte ou ak pwochen etap yo nan swen.<\/p>\n<p>BeAlert Rezo Ijans Karayib la se yon liy dir\u00e8k ki ede rezidan p\u00e8manan ak sitwayen yo gratis pandan katastw\u00f2f natir\u00e8l ak ijans medikal.[\/vc_column_text][vc_empty_space]<a  itemprop=\"url\" href=\"\/fr\/rezo-medikal-ijans-karayib-la\" target=\"_self\"  class=\"qbutton  default\" style=\"\">Emergency Network<\/a>[vc_empty_space height=&#8221;50px&#8221;][\/vc_column][\/vc_row][vc_row css_animation=&#8221;&#8221; row_type=&#8221;row&#8221; use_row_as_full_screen_section=&#8221;no&#8221; type=&#8221;grid&#8221; angled_section=&#8221;no&#8221; text_align=&#8221;left&#8221; background_image_as_pattern=&#8221;without_pattern&#8221; z_index=&#8221;&#8221; css=&#8221;.vc_custom_1666626041357{background: #ffffff url(https:\/\/www.bealertcaribbean.com\/fr\/wp-content\/uploads\/2022\/10\/gradient-bg1.jpg?id=409) !important;background-position: center !important;background-repeat: no-repeat !important;background-size: cover !important;}&#8221;][vc_column width=&#8221;1\/6&#8243;][\/vc_column][vc_column width=&#8221;2\/3&#8243;][vc_empty_space height=&#8221;100px&#8221;]<div class=\"custom_font_holder\" style=\" font-size: 28px; line-height: 35px; font-style: normal; font-weight: 400; color: #ffffff; text-decoration: none; text-align: left;\">Kit ou nan vakans oswa w ap jwi bote pw\u00f2p lakou ou, nou an sibstiti 24\/7 pare pou ede w nan ka ta gen yon medikal ijans.<\/div>[vc_empty_space height=&#8221;100px&#8221;][\/vc_column][vc_column width=&#8221;1\/6&#8243;][\/vc_column][\/vc_row][vc_row css_animation=&#8221;&#8221; row_type=&#8221;row&#8221; use_row_as_full_screen_section=&#8221;no&#8221; type=&#8221;full_width&#8221; angled_section=&#8221;no&#8221; text_align=&#8221;left&#8221; background_image_as_pattern=&#8221;without_pattern&#8221; css=&#8221;.vc_custom_1662037872912{padding-top: 3% !important;padding-bottom: 3% !important;background-image: url(https:\/\/www.bealertcaribbean.com\/fr\/wp-content\/uploads\/2022\/04\/signup-bg.jpg?id=76) !important;}&#8221; z_index=&#8221;&#8221;][vc_column width=&#8221;1\/3&#8243;][\/vc_column][vc_column width=&#8221;1\/3&#8243; css=&#8221;.vc_custom_1662128885087{padding-top: 3% !important;padding-right: 5% !important;padding-bottom: 3% !important;padding-left: 5% !important;}&#8221; el_class=&#8221;.centerme&#8221;]<div class=\"custom_font_holder\" style=\" font-size: 22px; line-height: 26px; font-style: normal; font-weight: 500; color: #011630; text-decoration: none; text-align: center;\">BeAlert&#8217;s Network and Products are subsidiaries of BahamasEvac Services.<\/div>[vc_empty_space]<a  itemprop=\"url\" href=\"\/about\" target=\"_self\"  class=\"qbutton  default\" style=\"\">LEARN MORE<\/a>[\/vc_column][vc_column width=&#8221;1\/3&#8243;][\/vc_column][\/vc_row][vc_row css_animation=&#8221;&#8221; row_type=&#8221;row&#8221; use_row_as_full_screen_section=&#8221;no&#8221; type=&#8221;full_width&#8221; angled_section=&#8221;no&#8221; text_align=&#8221;left&#8221; background_image_as_pattern=&#8221;without_pattern&#8221; el_class=&#8221;footer_bottom&#8221; z_index=&#8221;&#8221; css=&#8221;.vc_custom_1662128778527{background-color: #091019 !important;}&#8221;][vc_column width=&#8221;1\/6&#8243;][\/vc_column][vc_column width=&#8221;2\/3&#8243; el_class=&#8221;.centerme&#8221;][vc_widget_sidebar sidebar_id=&#8221;footer_text&#8221;][\/vc_column][vc_column width=&#8221;1\/6&#8243;][\/vc_column][\/vc_row]<\/p>\n","protected":false},"excerpt":{"rendered":"<p>[vc_row css_animation=&#8221;&#8221; row_type=&#8221;row&#8221; use_row_as_full_screen_section=&#8221;no&#8221; type=&#8221;full_width&#8221; angled_section=&#8221;no&#8221; text_align=&#8221;left&#8221; background_image_as_pattern=&#8221;without_pattern&#8221; css=&#8221;.vc_custom_1662656579873{padding-top: 3% !important;padding-bottom: 0px !important;background-position: 0 0 !important;background-repeat: repeat !important;}&#8221; z_index=&#8221;&#8221; el_class=&#8221;headtop&#8221;][vc_column][vc_row_inner row_type=&#8221;row&#8221; type=&#8221;full_width&#8221; text_align=&#8221;left&#8221; css_animation=&#8221;&#8221;][vc_column_inner width=&#8221;1\/4&#8243;][\/vc_column_inner][vc_column_inner width=&#8221;1\/2&#8243;][vc_column_text][\/vc_column_text][\/vc_column_inner][vc_column_inner width=&#8221;1\/4&#8243;][vc_column_text][\/vc_column_text][\/vc_column_inner][\/vc_row_inner][vc_row_inner row_type=&#8221;row&#8221; type=&#8221;full_width&#8221; text_align=&#8221;left&#8221; css_animation=&#8221;&#8221; css=&#8221;.vc_custom_1662126775663{margin-top: 30px !important;margin-bottom: 40px !important;}&#8221;][vc_column_inner width=&#8221;1\/6&#8243;][\/vc_column_inner][vc_column_inner width=&#8221;2\/3&#8243;][\/vc_column_inner][vc_column_inner width=&#8221;1\/6&#8243;][\/vc_column_inner][\/vc_row_inner][vc_row_inner row_type=&#8221;row&#8221; type=&#8221;full_width&#8221; text_align=&#8221;left&#8221; css_animation=&#8221;&#8221;][vc_column_inner el_class=&#8221;.centerme&#8221; width=&#8221;1\/2&#8243;&#8230;<\/p>\n","protected":false},"author":1,"featured_media":0,"parent":0,"menu_order":0,"comment_status":"closed","ping_status":"closed","template":"landing_page.php","meta":{"footnotes":""},"class_list":["post-393","page","type-page","status-publish","hentry"],"yoast_head":"<!-- This site is optimized with the Yoast SEO plugin v19.7.1 - https:\/\/yoast.com\/wordpress\/plugins\/seo\/ -->\n<title>Landing - BeAlert powered by BahamasEvac<\/title>\n<meta name=\"robots\" content=\"index, follow, max-snippet:-1, max-image-preview:large, max-video-preview:-1\" \/>\n<link rel=\"canonical\" href=\"https:\/\/www.bealertcaribbean.com\/fr\/\" \/>\n<meta property=\"og:locale\" content=\"en_US\" \/>\n<meta property=\"og:type\" content=\"article\" \/>\n<meta property=\"og:title\" content=\"Landing - BeAlert powered by BahamasEvac\" \/>\n<meta property=\"og:description\" content=\"[vc_row css_animation=&#8221;&#8221; row_type=&#8221;row&#8221; use_row_as_full_screen_section=&#8221;no&#8221; type=&#8221;full_width&#8221; angled_section=&#8221;no&#8221; text_align=&#8221;left&#8221; background_image_as_pattern=&#8221;without_pattern&#8221; css=&#8221;.vc_custom_1662656579873{padding-top: 3% !important;padding-bottom: 0px !important;background-position: 0 0 !important;background-repeat: repeat !important;}&#8221; z_index=&#8221;&#8221; el_class=&#8221;headtop&#8221;][vc_column][vc_row_inner row_type=&#8221;row&#8221; type=&#8221;full_width&#8221; text_align=&#8221;left&#8221; css_animation=&#8221;&#8221;][vc_column_inner width=&#8221;1\/4&#8243;][\/vc_column_inner][vc_column_inner width=&#8221;1\/2&#8243;][vc_column_text][\/vc_column_text][\/vc_column_inner][vc_column_inner width=&#8221;1\/4&#8243;][vc_column_text][\/vc_column_text][\/vc_column_inner][\/vc_row_inner][vc_row_inner row_type=&#8221;row&#8221; type=&#8221;full_width&#8221; text_align=&#8221;left&#8221; css_animation=&#8221;&#8221; css=&#8221;.vc_custom_1662126775663{margin-top: 30px !important;margin-bottom: 40px !important;}&#8221;][vc_column_inner width=&#8221;1\/6&#8243;][\/vc_column_inner][vc_column_inner width=&#8221;2\/3&#8243;][\/vc_column_inner][vc_column_inner width=&#8221;1\/6&#8243;][\/vc_column_inner][\/vc_row_inner][vc_row_inner row_type=&#8221;row&#8221; type=&#8221;full_width&#8221; text_align=&#8221;left&#8221; css_animation=&#8221;&#8221;][vc_column_inner el_class=&#8221;.centerme&#8221; width=&#8221;1\/2&#8243;...\" \/>\n<meta property=\"og:url\" content=\"https:\/\/www.bealertcaribbean.com\/fr\/\" \/>\n<meta property=\"og:site_name\" content=\"BeAlert powered by BahamasEvac\" \/>\n<meta property=\"article:modified_time\" content=\"2022-10-24T16:31:48+00:00\" \/>\n<meta property=\"og:image\" content=\"https:\/\/www.bealertcaribbean.com\/fr\/wp-content\/uploads\/2022\/09\/BeAlert-logo-300x139.png\" \/>\n<meta name=\"twitter:card\" content=\"summary_large_image\" \/>\n<meta name=\"twitter:label1\" content=\"Est. reading time\" \/>\n\t<meta name=\"twitter:data1\" content=\"3 minutes\" \/>\n<script type=\"application\/ld+json\" class=\"yoast-schema-graph\">{\"@context\":\"https:\/\/schema.org\",\"@graph\":[{\"@type\":\"WebPage\",\"@id\":\"https:\/\/www.bealertcaribbean.com\/fr\/\",\"url\":\"https:\/\/www.bealertcaribbean.com\/fr\/\",\"name\":\"Landing - BeAlert powered by BahamasEvac\",\"isPartOf\":{\"@id\":\"https:\/\/www.bealertcaribbean.com\/fr\/#website\"},\"datePublished\":\"2022-10-13T18:20:44+00:00\",\"dateModified\":\"2022-10-24T16:31:48+00:00\",\"breadcrumb\":{\"@id\":\"https:\/\/www.bealertcaribbean.com\/fr\/#breadcrumb\"},\"inLanguage\":\"en-US\",\"potentialAction\":[{\"@type\":\"ReadAction\",\"target\":[\"https:\/\/www.bealertcaribbean.com\/fr\/\"]}]},{\"@type\":\"BreadcrumbList\",\"@id\":\"https:\/\/www.bealertcaribbean.com\/fr\/#breadcrumb\",\"itemListElement\":[{\"@type\":\"ListItem\",\"position\":1,\"name\":\"Home\",\"item\":\"https:\/\/www.bealertcaribbean.com\/fr\/\"},{\"@type\":\"ListItem\",\"position\":2,\"name\":\"Landing\"}]},{\"@type\":\"WebSite\",\"@id\":\"https:\/\/www.bealertcaribbean.com\/fr\/#website\",\"url\":\"https:\/\/www.bealertcaribbean.com\/fr\/\",\"name\":\"BeAlert powered by BahamasEvac\",\"description\":\"\",\"publisher\":{\"@id\":\"https:\/\/www.bealertcaribbean.com\/fr\/#organization\"},\"potentialAction\":[{\"@type\":\"SearchAction\",\"target\":{\"@type\":\"EntryPoint\",\"urlTemplate\":\"https:\/\/www.bealertcaribbean.com\/fr\/?s={search_term_string}\"},\"query-input\":\"required name=search_term_string\"}],\"inLanguage\":\"en-US\"},{\"@type\":\"Organization\",\"@id\":\"https:\/\/www.bealertcaribbean.com\/fr\/#organization\",\"name\":\"BeAlert powered by BahamasEvac\",\"url\":\"https:\/\/www.bealertcaribbean.com\/fr\/\",\"sameAs\":[],\"logo\":{\"@type\":\"ImageObject\",\"inLanguage\":\"en-US\",\"@id\":\"https:\/\/www.bealertcaribbean.com\/fr\/#\/schema\/logo\/image\/\",\"url\":\"https:\/\/www.bealertcaribbean.com\/fr\/wp-content\/uploads\/2022\/03\/BE-Alert-logo.png\",\"contentUrl\":\"https:\/\/www.bealertcaribbean.com\/fr\/wp-content\/uploads\/2022\/03\/BE-Alert-logo.png\",\"width\":1954,\"height\":759,\"caption\":\"BeAlert powered by BahamasEvac\"},\"image\":{\"@id\":\"https:\/\/www.bealertcaribbean.com\/fr\/#\/schema\/logo\/image\/\"}}]}<\/script>\n<!-- \/ Yoast SEO plugin. -->","yoast_head_json":{"title":"Landing - BeAlert powered by BahamasEvac","robots":{"index":"index","follow":"follow","max-snippet":"max-snippet:-1","max-image-preview":"max-image-preview:large","max-video-preview":"max-video-preview:-1"},"canonical":"https:\/\/www.bealertcaribbean.com\/fr\/","og_locale":"en_US","og_type":"article","og_title":"Landing - BeAlert powered by BahamasEvac","og_description":"[vc_row css_animation=&#8221;&#8221; row_type=&#8221;row&#8221; use_row_as_full_screen_section=&#8221;no&#8221; type=&#8221;full_width&#8221; angled_section=&#8221;no&#8221; text_align=&#8221;left&#8221; background_image_as_pattern=&#8221;without_pattern&#8221; css=&#8221;.vc_custom_1662656579873{padding-top: 3% !important;padding-bottom: 0px !important;background-position: 0 0 !important;background-repeat: repeat !important;}&#8221; z_index=&#8221;&#8221; el_class=&#8221;headtop&#8221;][vc_column][vc_row_inner row_type=&#8221;row&#8221; type=&#8221;full_width&#8221; text_align=&#8221;left&#8221; css_animation=&#8221;&#8221;][vc_column_inner width=&#8221;1\/4&#8243;][\/vc_column_inner][vc_column_inner width=&#8221;1\/2&#8243;][vc_column_text][\/vc_column_text][\/vc_column_inner][vc_column_inner width=&#8221;1\/4&#8243;][vc_column_text][\/vc_column_text][\/vc_column_inner][\/vc_row_inner][vc_row_inner row_type=&#8221;row&#8221; type=&#8221;full_width&#8221; text_align=&#8221;left&#8221; css_animation=&#8221;&#8221; css=&#8221;.vc_custom_1662126775663{margin-top: 30px !important;margin-bottom: 40px !important;}&#8221;][vc_column_inner width=&#8221;1\/6&#8243;][\/vc_column_inner][vc_column_inner width=&#8221;2\/3&#8243;][\/vc_column_inner][vc_column_inner width=&#8221;1\/6&#8243;][\/vc_column_inner][\/vc_row_inner][vc_row_inner row_type=&#8221;row&#8221; type=&#8221;full_width&#8221; text_align=&#8221;left&#8221; css_animation=&#8221;&#8221;][vc_column_inner el_class=&#8221;.centerme&#8221; width=&#8221;1\/2&#8243;...","og_url":"https:\/\/www.bealertcaribbean.com\/fr\/","og_site_name":"BeAlert powered by BahamasEvac","article_modified_time":"2022-10-24T16:31:48+00:00","og_image":[{"url":"https:\/\/www.bealertcaribbean.com\/fr\/wp-content\/uploads\/2022\/09\/BeAlert-logo-300x139.png"}],"twitter_card":"summary_large_image","twitter_misc":{"Est. reading time":"3 minutes"},"schema":{"@context":"https:\/\/schema.org","@graph":[{"@type":"WebPage","@id":"https:\/\/www.bealertcaribbean.com\/fr\/","url":"https:\/\/www.bealertcaribbean.com\/fr\/","name":"Landing - BeAlert powered by BahamasEvac","isPartOf":{"@id":"https:\/\/www.bealertcaribbean.com\/fr\/#website"},"datePublished":"2022-10-13T18:20:44+00:00","dateModified":"2022-10-24T16:31:48+00:00","breadcrumb":{"@id":"https:\/\/www.bealertcaribbean.com\/fr\/#breadcrumb"},"inLanguage":"en-US","potentialAction":[{"@type":"ReadAction","target":["https:\/\/www.bealertcaribbean.com\/fr\/"]}]},{"@type":"BreadcrumbList","@id":"https:\/\/www.bealertcaribbean.com\/fr\/#breadcrumb","itemListElement":[{"@type":"ListItem","position":1,"name":"Home","item":"https:\/\/www.bealertcaribbean.com\/fr\/"},{"@type":"ListItem","position":2,"name":"Landing"}]},{"@type":"WebSite","@id":"https:\/\/www.bealertcaribbean.com\/fr\/#website","url":"https:\/\/www.bealertcaribbean.com\/fr\/","name":"BeAlert powered by BahamasEvac","description":"","publisher":{"@id":"https:\/\/www.bealertcaribbean.com\/fr\/#organization"},"potentialAction":[{"@type":"SearchAction","target":{"@type":"EntryPoint","urlTemplate":"https:\/\/www.bealertcaribbean.com\/fr\/?s={search_term_string}"},"query-input":"required name=search_term_string"}],"inLanguage":"en-US"},{"@type":"Organization","@id":"https:\/\/www.bealertcaribbean.com\/fr\/#organization","name":"BeAlert powered by BahamasEvac","url":"https:\/\/www.bealertcaribbean.com\/fr\/","sameAs":[],"logo":{"@type":"ImageObject","inLanguage":"en-US","@id":"https:\/\/www.bealertcaribbean.com\/fr\/#\/schema\/logo\/image\/","url":"https:\/\/www.bealertcaribbean.com\/fr\/wp-content\/uploads\/2022\/03\/BE-Alert-logo.png","contentUrl":"https:\/\/www.bealertcaribbean.com\/fr\/wp-content\/uploads\/2022\/03\/BE-Alert-logo.png","width":1954,"height":759,"caption":"BeAlert powered by BahamasEvac"},"image":{"@id":"https:\/\/www.bealertcaribbean.com\/fr\/#\/schema\/logo\/image\/"}}]}},"_links":{"self":[{"href":"https:\/\/www.bealertcaribbean.com\/fr\/wp-json\/wp\/v2\/pages\/393","targetHints":{"allow":["GET"]}}],"collection":[{"href":"https:\/\/www.bealertcaribbean.com\/fr\/wp-json\/wp\/v2\/pages"}],"about":[{"href":"https:\/\/www.bealertcaribbean.com\/fr\/wp-json\/wp\/v2\/types\/page"}],"author":[{"embeddable":true,"href":"https:\/\/www.bealertcaribbean.com\/fr\/wp-json\/wp\/v2\/users\/1"}],"replies":[{"embeddable":true,"href":"https:\/\/www.bealertcaribbean.com\/fr\/wp-json\/wp\/v2\/comments?post=393"}],"version-history":[{"count":10,"href":"https:\/\/www.bealertcaribbean.com\/fr\/wp-json\/wp\/v2\/pages\/393\/revisions"}],"predecessor-version":[{"id":395,"href":"https:\/\/www.bealertcaribbean.com\/fr\/wp-json\/wp\/v2\/pages\/393\/revisions\/395"}],"wp:attachment":[{"href":"https:\/\/www.bealertcaribbean.com\/fr\/wp-json\/wp\/v2\/media?parent=393"}],"curies":[{"name":"wp","href":"https:\/\/api.w.org\/{rel}","templated":true}]}}