{"id":398,"date":"2022-10-13T19:02:38","date_gmt":"2022-10-13T19:02:38","guid":{"rendered":"https:\/\/www.bealertcaribbean.com\/fr\/?page_id=398"},"modified":"2022-10-24T16:19:35","modified_gmt":"2022-10-24T16:19:35","slug":"be-alert-vacation","status":"publish","type":"page","link":"https:\/\/www.bealertcaribbean.com\/fr\/be-alert-vacation\/","title":{"rendered":"BE Alert Vacation"},"content":{"rendered":"<p>[vc_row css_animation=&#8221;&#8221; row_type=&#8221;row&#8221; use_row_as_full_screen_section=&#8221;no&#8221; type=&#8221;grid&#8221; angled_section=&#8221;no&#8221; text_align=&#8221;left&#8221; background_image_as_pattern=&#8221;without_pattern&#8221; css=&#8221;.vc_custom_1650636565719{padding-top: 3% !important;padding-bottom: 5% !important;background-position: 0 0 !important;background-repeat: no-repeat !important;}&#8221; z_index=&#8221;&#8221; el_class=&#8221;.suitcase&#8221;][vc_column width=&#8221;2\/3&#8243;][vc_column_text]<\/p>\n<h2>Manb <strong>BeAlert Vakans<\/strong> nou an se yon solisyon lojistik ijans medikal a kout t\u00e8m pou vizit\u00e8 yo nan karayib la.<\/h2>\n<p>L\u00e8 ou nan vakans d\u00e8nye bagay ou vle enkyete se sa pou f\u00e8 si ta gen yon ka aksidan oswa malady ta rive w. Manb BeAlert Vakans nou an bao u asistans lojistik medokal ijans nan tout karayib la si gen yon aksidan oswa yon blese ta rive w pandan tan ou lwen lakay ou.<\/p>\n<p>L\u00e8 w enskri pou yon ab\u00f2nman kout t\u00e8m BeAlert Vakans, nou konpli tout enf\u00f2masyon ki neses\u00e8 pou si ta gen yon medikal ijans pou sove lavi ou. Nou kow\u00f2done tout swen w ak estaf medikal k ap trete w sou t\u00e8 a avek destinasyon w lan.<\/p>\n<p>Kit ou nan Bahamas w ap pran you ti plezi avek zanmi ou nan Exuma, oswa nan yon yatch nan tout karayib la, oswa ou nan Jamayik ap pran plezi sou plaj ou oswa sou yon bato ap pran plezi ak tout fanmi ou, nou gen ou kouvri\u00a0 av\u00e8k BeAlert Vakans. Nen p\u00f2t kote ou ye nan mond lan ou ap jwen swen medikal ijans ou bezwen an![\/vc_column_text][\/vc_column][vc_column width=&#8221;1\/3&#8243;][\/vc_column][\/vc_row][vc_row css_animation=&#8221;&#8221; row_type=&#8221;row&#8221; use_row_as_full_screen_section=&#8221;no&#8221; type=&#8221;full_width&#8221; angled_section=&#8221;no&#8221; text_align=&#8221;left&#8221; background_image_as_pattern=&#8221;without_pattern&#8221; css=&#8221;.vc_custom_1650633283114{padding-top: 3% !important;padding-bottom: 3% !important;background-image: url(https:\/\/www.bealertcaribbean.com\/fr\/wp-content\/uploads\/2022\/04\/signup-bg.jpg?id=76) !important;background-position: center !important;background-repeat: no-repeat !important;background-size: cover !important;}&#8221; z_index=&#8221;&#8221;][vc_column width=&#8221;1\/4&#8243;][\/vc_column][vc_column width=&#8221;1\/2&#8243; el_class=&#8221;.centerme&#8221;][vc_column_text]<\/p>\n<h2 style=\"text-align: center;\"><strong>Enskri Jodia!<\/strong><\/h2>\n<p>[\/vc_column_text][vc_empty_space]<a  itemprop=\"url\" href=\"\/sign-up\" target=\"_self\"  class=\"qbutton  default\" style=\"\">SIGN UP<\/a>[\/vc_column][vc_column width=&#8221;1\/4&#8243;][\/vc_column][\/vc_row][vc_row css_animation=&#8221;&#8221; row_type=&#8221;row&#8221; use_row_as_full_screen_section=&#8221;no&#8221; type=&#8221;full_width&#8221; angled_section=&#8221;no&#8221; text_align=&#8221;left&#8221; background_image_as_pattern=&#8221;without_pattern&#8221; css=&#8221;.vc_custom_1650634559276{padding-top: 5% !important;padding-bottom: 7% !important;}&#8221; z_index=&#8221;&#8221; background_color=&#8221;#eaf1fd&#8221;][vc_column][vc_column_text css=&#8221;.vc_custom_1665688100580{margin-top: 20px !important;margin-bottom: 50px !important;}&#8221;]<\/p>\n<h1 style=\"text-align: center; color: #cc0000;\">Av\u00e8k yon manm BeAlert Vakans:<\/h1>\n<p><img decoding=\"async\" class=\"size-full wp-image-139 aligncenter\" src=\"https:\/\/www.bealertcaribbean.com\/fr\/wp-content\/uploads\/2022\/04\/divider.png\" alt=\"\" width=\"243\" height=\"68\" \/>[\/vc_column_text][vc_row_inner row_type=&#8221;row&#8221; type=&#8221;grid&#8221; text_align=&#8221;left&#8221; css_animation=&#8221;&#8221;][vc_column_inner width=&#8221;1\/2&#8243; css=&#8221;.vc_custom_1656685086684{margin-bottom: 30px !important;padding-right: 3% !important;padding-left: 3% !important;}&#8221;][vc_column_text]<\/p>\n<h2 style=\"text-align: center;\">Ou konnen kisa pou w atann<\/h2>\n<p style=\"text-align: center;\"><img decoding=\"async\" class=\"wp-image-129 aligncenter\" src=\"https:\/\/www.bealertcaribbean.com\/fr\/wp-content\/uploads\/2022\/04\/knowing-300x300.png\" alt=\"\" width=\"190\" height=\"190\" srcset=\"https:\/\/www.bealertcaribbean.com\/fr\/wp-content\/uploads\/2022\/04\/knowing-300x300.png 300w, https:\/\/www.bealertcaribbean.com\/fr\/wp-content\/uploads\/2022\/04\/knowing-150x150.png 150w, https:\/\/www.bealertcaribbean.com\/fr\/wp-content\/uploads\/2022\/04\/knowing.png 431w\" sizes=\"(max-width: 190px) 100vw, 190px\" \/><\/p>\n<p>Nou la av\u00e8k ou chak pa nan rout la, nou asire ke nou enf\u00f2me w\u2019 sou tout detay ki gen rap\u00f2 ak swen ou, pou w\u2019 pa gen okenn sipriz inatandi pandan w ap vwayaj![\/vc_column_text][\/vc_column_inner][vc_column_inner width=&#8221;1\/2&#8243; css=&#8221;.vc_custom_1650635093960{padding-right: 3% !important;padding-left: 3% !important;}&#8221;][vc_column_text]<\/p>\n<h2 style=\"text-align: center;\">Ou ekonomize tan ou<\/h2>\n<p style=\"text-align: center;\"><img decoding=\"async\" class=\"wp-image-131 alignnone\" src=\"https:\/\/www.bealertcaribbean.com\/fr\/wp-content\/uploads\/2022\/04\/quick-response-300x300.png\" alt=\"\" width=\"190\" height=\"190\" srcset=\"https:\/\/www.bealertcaribbean.com\/fr\/wp-content\/uploads\/2022\/04\/quick-response-300x300.png 300w, https:\/\/www.bealertcaribbean.com\/fr\/wp-content\/uploads\/2022\/04\/quick-response-150x150.png 150w, https:\/\/www.bealertcaribbean.com\/fr\/wp-content\/uploads\/2022\/04\/quick-response.png 431w\" sizes=\"(max-width: 190px) 100vw, 190px\" \/><\/p>\n<p style=\"text-align: center;\">Nou te ede anpil moun ki gen varyete ijans medikal atrav\u00e8 karayib la. Nou konnen egzakteman ki moun pou nou kontakte pou nou jwenn swen ou bezwen an pi vit ke posib!<\/p>\n<p>[\/vc_column_text][\/vc_column_inner][\/vc_row_inner][\/vc_column][\/vc_row][vc_row css_animation=&#8221;&#8221; row_type=&#8221;row&#8221; use_row_as_full_screen_section=&#8221;no&#8221; type=&#8221;full_width&#8221; angled_section=&#8221;no&#8221; text_align=&#8221;left&#8221; background_image_as_pattern=&#8221;without_pattern&#8221; css=&#8221;.vc_custom_1662144752298{background-color: #ffffff !important;}&#8221; z_index=&#8221;&#8221;][vc_column][vc_column_text]<img loading=\"lazy\" decoding=\"async\" class=\"aligncenter wp-image-195 size-full\" src=\"https:\/\/www.bealertcaribbean.com\/fr\/wp-content\/uploads\/2022\/06\/home-caribbean-collage.jpg\" alt=\"\" width=\"2000\" height=\"700\" srcset=\"https:\/\/www.bealertcaribbean.com\/fr\/wp-content\/uploads\/2022\/06\/home-caribbean-collage.jpg 2000w, https:\/\/www.bealertcaribbean.com\/fr\/wp-content\/uploads\/2022\/06\/home-caribbean-collage-300x105.jpg 300w, https:\/\/www.bealertcaribbean.com\/fr\/wp-content\/uploads\/2022\/06\/home-caribbean-collage-1024x358.jpg 1024w, https:\/\/www.bealertcaribbean.com\/fr\/wp-content\/uploads\/2022\/06\/home-caribbean-collage-768x269.jpg 768w, https:\/\/www.bealertcaribbean.com\/fr\/wp-content\/uploads\/2022\/06\/home-caribbean-collage-1536x538.jpg 1536w, https:\/\/www.bealertcaribbean.com\/fr\/wp-content\/uploads\/2022\/06\/home-caribbean-collage-700x245.jpg 700w\" sizes=\"(max-width: 2000px) 100vw, 2000px\" \/>[\/vc_column_text][\/vc_column][\/vc_row][vc_row css_animation=&#8221;&#8221; row_type=&#8221;row&#8221; use_row_as_full_screen_section=&#8221;no&#8221; type=&#8221;grid&#8221; angled_section=&#8221;no&#8221; text_align=&#8221;left&#8221; background_image_as_pattern=&#8221;without_pattern&#8221; css=&#8221;.vc_custom_1649955230942{padding-top: 5% !important;padding-bottom: 5% !important;background-position: 0 0 !important;background-repeat: no-repeat !important;}&#8221; z_index=&#8221;&#8221; el_class=&#8221;.sharkcase&#8221;][vc_column width=&#8221;1\/4&#8243;][\/vc_column][vc_column width=&#8221;3\/4&#8243;][vc_empty_space height=&#8221;200px&#8221;][vc_column_text css=&#8221;.vc_custom_1649955017820{padding-top: 70px !important;padding-right: 50px !important;padding-bottom: 70px !important;padding-left: 50px !important;background-color: #fffca9 !important;}&#8221;]<\/p>\n<h4>CASE STUDY:<\/h4>\n<h2>Tiffany Johnson<\/h2>\n<p>My husband and I were on the MSC Cruise with the last stop in Nassau, Bahamas. After disembarking we found a local tour operator to take us parasailing and snorkelling to a reef about 10 minutes away from Paradise Island. I was attacked by a shark while snorkelling that resulted in the loss of my right arm up to my elbow.<\/p>\n<p>There was no medical kit on the boat, so we used a beach towel as a tourniquet for my amputated arm. There was also no radio on the boat, so when we arrived at Paradise Island, we had to flag down people and get their attention for what seemed like several minutes before they understood how severe the incident was and then told us that we had to go to the main port.<\/p>\n<p>Nobody from Paradise Island let anyone know on the main port that we were coming, so when we arrived, we had to go through the same process of flagging people down and getting them to realize that we needed an ambulance.<\/p>\n<p>We were on that boat from the reef to the stop at Paradise Island to the main port for about 30 minutes with no tourniquet and only a beach towel to stop the bleeding. Medically, it does not make sense why I am still alive &#8211; it is only by the grace of God![\/vc_column_text][vc_empty_space height=&#8221;60px&#8221;]<a  itemprop=\"url\" href=\"\/tiffany-johnsons-story\" target=\"_self\"  class=\"qbutton  default\" style=\"\">Read Tiffany's Full Story<i class=\"qode_icon_font_awesome fa fa-info-circle qode_button_icon_element\" style=\"\" ><\/i><\/a>[\/vc_column][\/vc_row]<\/p>\n","protected":false},"excerpt":{"rendered":"<p>[vc_row css_animation=&#8221;&#8221; row_type=&#8221;row&#8221; use_row_as_full_screen_section=&#8221;no&#8221; type=&#8221;grid&#8221; angled_section=&#8221;no&#8221; text_align=&#8221;left&#8221; background_image_as_pattern=&#8221;without_pattern&#8221; css=&#8221;.vc_custom_1650636565719{padding-top: 3% !important;padding-bottom: 5% !important;background-position: 0 0 !important;background-repeat: no-repeat !important;}&#8221; z_index=&#8221;&#8221; el_class=&#8221;.suitcase&#8221;][vc_column width=&#8221;2\/3&#8243;][vc_column_text] Manb BeAlert Vakans nou an se yon solisyon lojistik ijans medikal a kout t\u00e8m pou vizit\u00e8 yo nan karayib la. L\u00e8 ou nan vakans&#8230;<\/p>\n","protected":false},"author":1,"featured_media":0,"parent":0,"menu_order":0,"comment_status":"closed","ping_status":"closed","template":"full_width.php","meta":{"footnotes":""},"class_list":["post-398","page","type-page","status-publish","hentry"],"yoast_head":"<!-- This site is optimized with the Yoast SEO plugin v19.7.1 - https:\/\/yoast.com\/wordpress\/plugins\/seo\/ -->\n<title>BE Alert Vacation - BeAlert powered by BahamasEvac<\/title>\n<meta name=\"robots\" content=\"index, follow, max-snippet:-1, max-image-preview:large, max-video-preview:-1\" \/>\n<link rel=\"canonical\" href=\"https:\/\/www.bealertcaribbean.com\/fr\/be-alert-vacation\/\" \/>\n<meta property=\"og:locale\" content=\"en_US\" \/>\n<meta property=\"og:type\" content=\"article\" \/>\n<meta property=\"og:title\" content=\"BE Alert Vacation - BeAlert powered by BahamasEvac\" \/>\n<meta property=\"og:description\" content=\"[vc_row css_animation=&#8221;&#8221; row_type=&#8221;row&#8221; use_row_as_full_screen_section=&#8221;no&#8221; type=&#8221;grid&#8221; angled_section=&#8221;no&#8221; text_align=&#8221;left&#8221; background_image_as_pattern=&#8221;without_pattern&#8221; css=&#8221;.vc_custom_1650636565719{padding-top: 3% !important;padding-bottom: 5% !important;background-position: 0 0 !important;background-repeat: no-repeat !important;}&#8221; z_index=&#8221;&#8221; el_class=&#8221;.suitcase&#8221;][vc_column width=&#8221;2\/3&#8243;][vc_column_text] Manb BeAlert Vakans nou an se yon solisyon lojistik ijans medikal a kout t\u00e8m pou vizit\u00e8 yo nan karayib la. L\u00e8 ou nan vakans...\" \/>\n<meta property=\"og:url\" content=\"https:\/\/www.bealertcaribbean.com\/fr\/be-alert-vacation\/\" \/>\n<meta property=\"og:site_name\" content=\"BeAlert powered by BahamasEvac\" \/>\n<meta property=\"article:modified_time\" content=\"2022-10-24T16:19:35+00:00\" \/>\n<meta property=\"og:image\" content=\"https:\/\/www.bealertcaribbean.com\/fr\/wp-content\/uploads\/2022\/04\/divider.png\" \/>\n<meta name=\"twitter:card\" content=\"summary_large_image\" \/>\n<meta name=\"twitter:label1\" content=\"Est. reading time\" \/>\n\t<meta name=\"twitter:data1\" content=\"4 minutes\" \/>\n<script type=\"application\/ld+json\" class=\"yoast-schema-graph\">{\"@context\":\"https:\/\/schema.org\",\"@graph\":[{\"@type\":\"WebPage\",\"@id\":\"https:\/\/www.bealertcaribbean.com\/fr\/be-alert-vacation\/\",\"url\":\"https:\/\/www.bealertcaribbean.com\/fr\/be-alert-vacation\/\",\"name\":\"BE Alert Vacation - BeAlert powered by BahamasEvac\",\"isPartOf\":{\"@id\":\"https:\/\/www.bealertcaribbean.com\/fr\/#website\"},\"datePublished\":\"2022-10-13T19:02:38+00:00\",\"dateModified\":\"2022-10-24T16:19:35+00:00\",\"breadcrumb\":{\"@id\":\"https:\/\/www.bealertcaribbean.com\/fr\/be-alert-vacation\/#breadcrumb\"},\"inLanguage\":\"en-US\",\"potentialAction\":[{\"@type\":\"ReadAction\",\"target\":[\"https:\/\/www.bealertcaribbean.com\/fr\/be-alert-vacation\/\"]}]},{\"@type\":\"BreadcrumbList\",\"@id\":\"https:\/\/www.bealertcaribbean.com\/fr\/be-alert-vacation\/#breadcrumb\",\"itemListElement\":[{\"@type\":\"ListItem\",\"position\":1,\"name\":\"Home\",\"item\":\"https:\/\/www.bealertcaribbean.com\/fr\/\"},{\"@type\":\"ListItem\",\"position\":2,\"name\":\"BE Alert Vacation\"}]},{\"@type\":\"WebSite\",\"@id\":\"https:\/\/www.bealertcaribbean.com\/fr\/#website\",\"url\":\"https:\/\/www.bealertcaribbean.com\/fr\/\",\"name\":\"BeAlert powered by BahamasEvac\",\"description\":\"\",\"publisher\":{\"@id\":\"https:\/\/www.bealertcaribbean.com\/fr\/#organization\"},\"potentialAction\":[{\"@type\":\"SearchAction\",\"target\":{\"@type\":\"EntryPoint\",\"urlTemplate\":\"https:\/\/www.bealertcaribbean.com\/fr\/?s={search_term_string}\"},\"query-input\":\"required name=search_term_string\"}],\"inLanguage\":\"en-US\"},{\"@type\":\"Organization\",\"@id\":\"https:\/\/www.bealertcaribbean.com\/fr\/#organization\",\"name\":\"BeAlert powered by BahamasEvac\",\"url\":\"https:\/\/www.bealertcaribbean.com\/fr\/\",\"sameAs\":[],\"logo\":{\"@type\":\"ImageObject\",\"inLanguage\":\"en-US\",\"@id\":\"https:\/\/www.bealertcaribbean.com\/fr\/#\/schema\/logo\/image\/\",\"url\":\"https:\/\/www.bealertcaribbean.com\/fr\/wp-content\/uploads\/2022\/03\/BE-Alert-logo.png\",\"contentUrl\":\"https:\/\/www.bealertcaribbean.com\/fr\/wp-content\/uploads\/2022\/03\/BE-Alert-logo.png\",\"width\":1954,\"height\":759,\"caption\":\"BeAlert powered by BahamasEvac\"},\"image\":{\"@id\":\"https:\/\/www.bealertcaribbean.com\/fr\/#\/schema\/logo\/image\/\"}}]}<\/script>\n<!-- \/ Yoast SEO plugin. -->","yoast_head_json":{"title":"BE Alert Vacation - BeAlert powered by BahamasEvac","robots":{"index":"index","follow":"follow","max-snippet":"max-snippet:-1","max-image-preview":"max-image-preview:large","max-video-preview":"max-video-preview:-1"},"canonical":"https:\/\/www.bealertcaribbean.com\/fr\/be-alert-vacation\/","og_locale":"en_US","og_type":"article","og_title":"BE Alert Vacation - BeAlert powered by BahamasEvac","og_description":"[vc_row css_animation=&#8221;&#8221; row_type=&#8221;row&#8221; use_row_as_full_screen_section=&#8221;no&#8221; type=&#8221;grid&#8221; angled_section=&#8221;no&#8221; text_align=&#8221;left&#8221; background_image_as_pattern=&#8221;without_pattern&#8221; css=&#8221;.vc_custom_1650636565719{padding-top: 3% !important;padding-bottom: 5% !important;background-position: 0 0 !important;background-repeat: no-repeat !important;}&#8221; z_index=&#8221;&#8221; el_class=&#8221;.suitcase&#8221;][vc_column width=&#8221;2\/3&#8243;][vc_column_text] Manb BeAlert Vakans nou an se yon solisyon lojistik ijans medikal a kout t\u00e8m pou vizit\u00e8 yo nan karayib la. L\u00e8 ou nan vakans...","og_url":"https:\/\/www.bealertcaribbean.com\/fr\/be-alert-vacation\/","og_site_name":"BeAlert powered by BahamasEvac","article_modified_time":"2022-10-24T16:19:35+00:00","og_image":[{"url":"https:\/\/www.bealertcaribbean.com\/fr\/wp-content\/uploads\/2022\/04\/divider.png"}],"twitter_card":"summary_large_image","twitter_misc":{"Est. reading time":"4 minutes"},"schema":{"@context":"https:\/\/schema.org","@graph":[{"@type":"WebPage","@id":"https:\/\/www.bealertcaribbean.com\/fr\/be-alert-vacation\/","url":"https:\/\/www.bealertcaribbean.com\/fr\/be-alert-vacation\/","name":"BE Alert Vacation - BeAlert powered by BahamasEvac","isPartOf":{"@id":"https:\/\/www.bealertcaribbean.com\/fr\/#website"},"datePublished":"2022-10-13T19:02:38+00:00","dateModified":"2022-10-24T16:19:35+00:00","breadcrumb":{"@id":"https:\/\/www.bealertcaribbean.com\/fr\/be-alert-vacation\/#breadcrumb"},"inLanguage":"en-US","potentialAction":[{"@type":"ReadAction","target":["https:\/\/www.bealertcaribbean.com\/fr\/be-alert-vacation\/"]}]},{"@type":"BreadcrumbList","@id":"https:\/\/www.bealertcaribbean.com\/fr\/be-alert-vacation\/#breadcrumb","itemListElement":[{"@type":"ListItem","position":1,"name":"Home","item":"https:\/\/www.bealertcaribbean.com\/fr\/"},{"@type":"ListItem","position":2,"name":"BE Alert Vacation"}]},{"@type":"WebSite","@id":"https:\/\/www.bealertcaribbean.com\/fr\/#website","url":"https:\/\/www.bealertcaribbean.com\/fr\/","name":"BeAlert powered by BahamasEvac","description":"","publisher":{"@id":"https:\/\/www.bealertcaribbean.com\/fr\/#organization"},"potentialAction":[{"@type":"SearchAction","target":{"@type":"EntryPoint","urlTemplate":"https:\/\/www.bealertcaribbean.com\/fr\/?s={search_term_string}"},"query-input":"required name=search_term_string"}],"inLanguage":"en-US"},{"@type":"Organization","@id":"https:\/\/www.bealertcaribbean.com\/fr\/#organization","name":"BeAlert powered by BahamasEvac","url":"https:\/\/www.bealertcaribbean.com\/fr\/","sameAs":[],"logo":{"@type":"ImageObject","inLanguage":"en-US","@id":"https:\/\/www.bealertcaribbean.com\/fr\/#\/schema\/logo\/image\/","url":"https:\/\/www.bealertcaribbean.com\/fr\/wp-content\/uploads\/2022\/03\/BE-Alert-logo.png","contentUrl":"https:\/\/www.bealertcaribbean.com\/fr\/wp-content\/uploads\/2022\/03\/BE-Alert-logo.png","width":1954,"height":759,"caption":"BeAlert powered by BahamasEvac"},"image":{"@id":"https:\/\/www.bealertcaribbean.com\/fr\/#\/schema\/logo\/image\/"}}]}},"_links":{"self":[{"href":"https:\/\/www.bealertcaribbean.com\/fr\/wp-json\/wp\/v2\/pages\/398","targetHints":{"allow":["GET"]}}],"collection":[{"href":"https:\/\/www.bealertcaribbean.com\/fr\/wp-json\/wp\/v2\/pages"}],"about":[{"href":"https:\/\/www.bealertcaribbean.com\/fr\/wp-json\/wp\/v2\/types\/page"}],"author":[{"embeddable":true,"href":"https:\/\/www.bealertcaribbean.com\/fr\/wp-json\/wp\/v2\/users\/1"}],"replies":[{"embeddable":true,"href":"https:\/\/www.bealertcaribbean.com\/fr\/wp-json\/wp\/v2\/comments?post=398"}],"version-history":[{"count":4,"href":"https:\/\/www.bealertcaribbean.com\/fr\/wp-json\/wp\/v2\/pages\/398\/revisions"}],"predecessor-version":[{"id":421,"href":"https:\/\/www.bealertcaribbean.com\/fr\/wp-json\/wp\/v2\/pages\/398\/revisions\/421"}],"wp:attachment":[{"href":"https:\/\/www.bealertcaribbean.com\/fr\/wp-json\/wp\/v2\/media?parent=398"}],"curies":[{"name":"wp","href":"https:\/\/api.w.org\/{rel}","templated":true}]}}