{"id":403,"date":"2022-10-13T19:42:51","date_gmt":"2022-10-13T19:42:51","guid":{"rendered":"https:\/\/www.bealertcaribbean.com\/fr\/?page_id=403"},"modified":"2022-10-27T17:56:26","modified_gmt":"2022-10-27T17:56:26","slug":"rezo-ijans","status":"publish","type":"page","link":"https:\/\/www.bealertcaribbean.com\/fr\/rezo-ijans\/","title":{"rendered":"Rezo Ijans"},"content":{"rendered":"<p>[vc_row css_animation=&#8221;&#8221; row_type=&#8221;row&#8221; use_row_as_full_screen_section=&#8221;no&#8221; type=&#8221;full_width&#8221; angled_section=&#8221;no&#8221; text_align=&#8221;left&#8221; background_image_as_pattern=&#8221;without_pattern&#8221; css=&#8221;.vc_custom_1662666958730{padding-top: 3% !important;padding-bottom: 3% !important;background-color: #ffffff !important;}&#8221; z_index=&#8221;&#8221;][vc_column width=&#8221;1\/3&#8243; css=&#8221;.vc_custom_1662667472331{margin-bottom: 30px !important;background-image: url(https:\/\/www.bealertcaribbean.com\/fr\/wp-content\/uploads\/2022\/09\/families_05.jpg?id=302) !important;background-position: center !important;background-repeat: no-repeat !important;background-size: cover !important;}&#8221;][vc_empty_space height=&#8221;450px&#8221;][\/vc_column][vc_column width=&#8221;2\/3&#8243; css=&#8221;.vc_custom_1662667164509{padding-right: 10% !important;padding-left: 7% !important;}&#8221;][vc_column_text]<\/p>\n<h2><strong>BeAlert Rezo Ijans Karayib la se yon s\u00e8vis inik ki disponib GRATIS pou tout sitwayen Karayib ak rezidan p\u00e8manan.<\/strong><\/h2>\n<p>BeAlert Rezo Ijans Karayib la pote posibilite pou antre gratis 24h\/7 nan ligne direct li yo pou tout problem sante e ijans ou genyen, ekip nou an pr\u00e8 pou ede w konkte ap prochenn etap swen nou yo, siw pa konnen yon bon sevis medical, ebyen nou la pou fasiltew e baw bon tretman espesial nan bon kondisyon, oubyen ou bezwen yon avion anbulans nou la poun seviw,\u00a0 nou ede tou pandan katast\u00f2f natirel yo le nou bay infomasyon ak detay sou resous ki zon ou an.[\/vc_column_text][vc_column_text css=&#8221;.vc_custom_1665690878180{margin-top: 20px !important;margin-bottom: 15px !important;}&#8221;]<\/p>\n<h3><strong>Avantaj l\u00e8 w enskri pou rezo ijans nan karayib BeAlert la.<\/strong><\/h3>\n<ul>\n<li>Ou genyen aks\u00e8 gratis nan liy asistans 24\/7 pou planifye pwochen etap nan swen medikal ijans ak transp\u00f2.<\/li>\n<\/ul>\n<ul>\n<li>Ou genyen aks\u00e8 nan rezo nou an pandan katastw\u00f2f natir\u00e8l oswa l\u00f2t ka ijans.<\/li>\n<\/ul>\n<ul>\n<li>Diminye etap ak anile fr\u00e8 enskripsyon l\u00e8 w enskri pou nenp\u00f2t ki manm BeAlert.<\/li>\n<li>Akselere pwosesis repons pou ijans.<\/li>\n<\/ul>\n<p><strong>L\u00e8 w enskri nan BeAlert Rezo Ijans Karayib la, n ap renonse fr\u00e8 enskripsyon an pou nenp\u00f2t nan manm BeAlert nou yo! <\/strong>[\/vc_column_text][\/vc_column][\/vc_row][vc_row css_animation=&#8221;&#8221; row_type=&#8221;row&#8221; use_row_as_full_screen_section=&#8221;no&#8221; type=&#8221;full_width&#8221; angled_section=&#8221;no&#8221; text_align=&#8221;left&#8221; background_image_as_pattern=&#8221;without_pattern&#8221; css=&#8221;.vc_custom_1662667088399{padding-bottom: 3% !important;background-color: #d0dde2 !important;}&#8221; z_index=&#8221;&#8221;][vc_column width=&#8221;1\/6&#8243;][\/vc_column][vc_column width=&#8221;2\/3&#8243; css=&#8221;.vc_custom_1660593101766{padding-top: 20px !important;}&#8221;][vc_column_text css=&#8221;.vc_custom_1665690905443{margin-bottom: 30px !important;}&#8221;]Tanpri ranpli f\u00f2m ki anba a pou w enkris t\u00e8t ou ak fanmi w pou \u00f2f sa a.[\/vc_column_text][vc_raw_html]JTNDaWZyYW1lJTIwaGVpZ2h0JTNEJTI3MTEwMHB4JTI3JTIwd2lkdGglM0QlMjcxMDAlMjUlMjclMjBmcmFtZWJvcmRlciUzRCUyNzAlMjclMjBhbGxvd1RyYW5zcGFyZW5jeSUzRCUyN3RydWUlMjclMjBzY3JvbGxpbmclM0QlMjdhdXRvJTI3JTIwc3JjJTNEJTI3aHR0cHMlM0ElMkYlMkZjcmVhdG9yYXBwLnpvaG9wdWJsaWMuY29tJTJGYW50aGluaXF1ZWtvZ2lic29uJTJGYmUtZnJlZS1tb25pdG9yaW5nLWVucm9sbG1lbnQlMkZmb3JtLWVtYmVkJTJGQ3VzdG9tZXJfRW5yb2xsbWVudF9Gb3JtJTJGYXU4UjNkeDQ1blFlZWJ0MkNId2dTWXp0VjdnMk1uTWd6OE1ha0RXOWE2bnNISlBNa2gyNXVycVRZVDZTMVpPZHN0dVJEM1owUjlwN25KRUNNUEprd25oZ09zNGVxWDdtVGZtNCUyNyUzRSUzQyUyRmlmcmFtZSUzRQ==[\/vc_raw_html][\/vc_column][vc_column width=&#8221;1\/6&#8243;][\/vc_column][\/vc_row]<\/p>\n","protected":false},"excerpt":{"rendered":"<p>[vc_row css_animation=&#8221;&#8221; row_type=&#8221;row&#8221; use_row_as_full_screen_section=&#8221;no&#8221; type=&#8221;full_width&#8221; angled_section=&#8221;no&#8221; text_align=&#8221;left&#8221; background_image_as_pattern=&#8221;without_pattern&#8221; css=&#8221;.vc_custom_1662666958730{padding-top: 3% !important;padding-bottom: 3% !important;background-color: #ffffff !important;}&#8221; z_index=&#8221;&#8221;][vc_column width=&#8221;1\/3&#8243; css=&#8221;.vc_custom_1662667472331{margin-bottom: 30px !important;background-image: url(https:\/\/www.bealertcaribbean.com\/fr\/wp-content\/uploads\/2022\/09\/families_05.jpg?id=302) !important;background-position: center !important;background-repeat: no-repeat !important;background-size: cover !important;}&#8221;][vc_empty_space height=&#8221;450px&#8221;][\/vc_column][vc_column width=&#8221;2\/3&#8243; css=&#8221;.vc_custom_1662667164509{padding-right: 10% !important;padding-left: 7% !important;}&#8221;][vc_column_text] BeAlert Rezo Ijans Karayib la se yon s\u00e8vis inik ki&#8230;<\/p>\n","protected":false},"author":1,"featured_media":0,"parent":0,"menu_order":0,"comment_status":"closed","ping_status":"closed","template":"full_width.php","meta":{"footnotes":""},"class_list":["post-403","page","type-page","status-publish","hentry"],"yoast_head":"<!-- This site is optimized with the Yoast SEO plugin v19.7.1 - https:\/\/yoast.com\/wordpress\/plugins\/seo\/ -->\n<title>Rezo Ijans - BeAlert powered by BahamasEvac<\/title>\n<meta name=\"robots\" content=\"index, follow, max-snippet:-1, max-image-preview:large, max-video-preview:-1\" \/>\n<link rel=\"canonical\" href=\"https:\/\/www.bealertcaribbean.com\/fr\/rezo-ijans\/\" \/>\n<meta property=\"og:locale\" content=\"en_US\" \/>\n<meta property=\"og:type\" content=\"article\" \/>\n<meta property=\"og:title\" content=\"Rezo Ijans - BeAlert powered by BahamasEvac\" \/>\n<meta property=\"og:description\" content=\"[vc_row css_animation=&#8221;&#8221; row_type=&#8221;row&#8221; use_row_as_full_screen_section=&#8221;no&#8221; type=&#8221;full_width&#8221; angled_section=&#8221;no&#8221; text_align=&#8221;left&#8221; background_image_as_pattern=&#8221;without_pattern&#8221; css=&#8221;.vc_custom_1662666958730{padding-top: 3% !important;padding-bottom: 3% !important;background-color: #ffffff !important;}&#8221; z_index=&#8221;&#8221;][vc_column width=&#8221;1\/3&#8243; css=&#8221;.vc_custom_1662667472331{margin-bottom: 30px !important;background-image: url(https:\/\/www.bealertcaribbean.com\/fr\/wp-content\/uploads\/2022\/09\/families_05.jpg?id=302) !important;background-position: center !important;background-repeat: no-repeat !important;background-size: cover !important;}&#8221;][vc_empty_space height=&#8221;450px&#8221;][\/vc_column][vc_column width=&#8221;2\/3&#8243; css=&#8221;.vc_custom_1662667164509{padding-right: 10% !important;padding-left: 7% !important;}&#8221;][vc_column_text] BeAlert Rezo Ijans Karayib la se yon s\u00e8vis inik ki...\" \/>\n<meta property=\"og:url\" content=\"https:\/\/www.bealertcaribbean.com\/fr\/rezo-ijans\/\" \/>\n<meta property=\"og:site_name\" content=\"BeAlert powered by BahamasEvac\" \/>\n<meta property=\"article:modified_time\" content=\"2022-10-27T17:56:26+00:00\" \/>\n<meta name=\"twitter:card\" content=\"summary_large_image\" \/>\n<meta name=\"twitter:label1\" content=\"Est. reading time\" \/>\n\t<meta name=\"twitter:data1\" content=\"2 minutes\" \/>\n<script type=\"application\/ld+json\" class=\"yoast-schema-graph\">{\"@context\":\"https:\/\/schema.org\",\"@graph\":[{\"@type\":\"WebPage\",\"@id\":\"https:\/\/www.bealertcaribbean.com\/fr\/rezo-ijans\/\",\"url\":\"https:\/\/www.bealertcaribbean.com\/fr\/rezo-ijans\/\",\"name\":\"Rezo Ijans - BeAlert powered by BahamasEvac\",\"isPartOf\":{\"@id\":\"https:\/\/www.bealertcaribbean.com\/fr\/#website\"},\"datePublished\":\"2022-10-13T19:42:51+00:00\",\"dateModified\":\"2022-10-27T17:56:26+00:00\",\"breadcrumb\":{\"@id\":\"https:\/\/www.bealertcaribbean.com\/fr\/rezo-ijans\/#breadcrumb\"},\"inLanguage\":\"en-US\",\"potentialAction\":[{\"@type\":\"ReadAction\",\"target\":[\"https:\/\/www.bealertcaribbean.com\/fr\/rezo-ijans\/\"]}]},{\"@type\":\"BreadcrumbList\",\"@id\":\"https:\/\/www.bealertcaribbean.com\/fr\/rezo-ijans\/#breadcrumb\",\"itemListElement\":[{\"@type\":\"ListItem\",\"position\":1,\"name\":\"Home\",\"item\":\"https:\/\/www.bealertcaribbean.com\/fr\/\"},{\"@type\":\"ListItem\",\"position\":2,\"name\":\"Rezo Ijans\"}]},{\"@type\":\"WebSite\",\"@id\":\"https:\/\/www.bealertcaribbean.com\/fr\/#website\",\"url\":\"https:\/\/www.bealertcaribbean.com\/fr\/\",\"name\":\"BeAlert powered by BahamasEvac\",\"description\":\"\",\"publisher\":{\"@id\":\"https:\/\/www.bealertcaribbean.com\/fr\/#organization\"},\"potentialAction\":[{\"@type\":\"SearchAction\",\"target\":{\"@type\":\"EntryPoint\",\"urlTemplate\":\"https:\/\/www.bealertcaribbean.com\/fr\/?s={search_term_string}\"},\"query-input\":\"required name=search_term_string\"}],\"inLanguage\":\"en-US\"},{\"@type\":\"Organization\",\"@id\":\"https:\/\/www.bealertcaribbean.com\/fr\/#organization\",\"name\":\"BeAlert powered by BahamasEvac\",\"url\":\"https:\/\/www.bealertcaribbean.com\/fr\/\",\"sameAs\":[],\"logo\":{\"@type\":\"ImageObject\",\"inLanguage\":\"en-US\",\"@id\":\"https:\/\/www.bealertcaribbean.com\/fr\/#\/schema\/logo\/image\/\",\"url\":\"https:\/\/www.bealertcaribbean.com\/fr\/wp-content\/uploads\/2022\/03\/BE-Alert-logo.png\",\"contentUrl\":\"https:\/\/www.bealertcaribbean.com\/fr\/wp-content\/uploads\/2022\/03\/BE-Alert-logo.png\",\"width\":1954,\"height\":759,\"caption\":\"BeAlert powered by BahamasEvac\"},\"image\":{\"@id\":\"https:\/\/www.bealertcaribbean.com\/fr\/#\/schema\/logo\/image\/\"}}]}<\/script>\n<!-- \/ Yoast SEO plugin. -->","yoast_head_json":{"title":"Rezo Ijans - BeAlert powered by BahamasEvac","robots":{"index":"index","follow":"follow","max-snippet":"max-snippet:-1","max-image-preview":"max-image-preview:large","max-video-preview":"max-video-preview:-1"},"canonical":"https:\/\/www.bealertcaribbean.com\/fr\/rezo-ijans\/","og_locale":"en_US","og_type":"article","og_title":"Rezo Ijans - BeAlert powered by BahamasEvac","og_description":"[vc_row css_animation=&#8221;&#8221; row_type=&#8221;row&#8221; use_row_as_full_screen_section=&#8221;no&#8221; type=&#8221;full_width&#8221; angled_section=&#8221;no&#8221; text_align=&#8221;left&#8221; background_image_as_pattern=&#8221;without_pattern&#8221; css=&#8221;.vc_custom_1662666958730{padding-top: 3% !important;padding-bottom: 3% !important;background-color: #ffffff !important;}&#8221; z_index=&#8221;&#8221;][vc_column width=&#8221;1\/3&#8243; css=&#8221;.vc_custom_1662667472331{margin-bottom: 30px !important;background-image: url(https:\/\/www.bealertcaribbean.com\/fr\/wp-content\/uploads\/2022\/09\/families_05.jpg?id=302) !important;background-position: center !important;background-repeat: no-repeat !important;background-size: cover !important;}&#8221;][vc_empty_space height=&#8221;450px&#8221;][\/vc_column][vc_column width=&#8221;2\/3&#8243; css=&#8221;.vc_custom_1662667164509{padding-right: 10% !important;padding-left: 7% !important;}&#8221;][vc_column_text] BeAlert Rezo Ijans Karayib la se yon s\u00e8vis inik ki...","og_url":"https:\/\/www.bealertcaribbean.com\/fr\/rezo-ijans\/","og_site_name":"BeAlert powered by BahamasEvac","article_modified_time":"2022-10-27T17:56:26+00:00","twitter_card":"summary_large_image","twitter_misc":{"Est. reading time":"2 minutes"},"schema":{"@context":"https:\/\/schema.org","@graph":[{"@type":"WebPage","@id":"https:\/\/www.bealertcaribbean.com\/fr\/rezo-ijans\/","url":"https:\/\/www.bealertcaribbean.com\/fr\/rezo-ijans\/","name":"Rezo Ijans - BeAlert powered by BahamasEvac","isPartOf":{"@id":"https:\/\/www.bealertcaribbean.com\/fr\/#website"},"datePublished":"2022-10-13T19:42:51+00:00","dateModified":"2022-10-27T17:56:26+00:00","breadcrumb":{"@id":"https:\/\/www.bealertcaribbean.com\/fr\/rezo-ijans\/#breadcrumb"},"inLanguage":"en-US","potentialAction":[{"@type":"ReadAction","target":["https:\/\/www.bealertcaribbean.com\/fr\/rezo-ijans\/"]}]},{"@type":"BreadcrumbList","@id":"https:\/\/www.bealertcaribbean.com\/fr\/rezo-ijans\/#breadcrumb","itemListElement":[{"@type":"ListItem","position":1,"name":"Home","item":"https:\/\/www.bealertcaribbean.com\/fr\/"},{"@type":"ListItem","position":2,"name":"Rezo Ijans"}]},{"@type":"WebSite","@id":"https:\/\/www.bealertcaribbean.com\/fr\/#website","url":"https:\/\/www.bealertcaribbean.com\/fr\/","name":"BeAlert powered by BahamasEvac","description":"","publisher":{"@id":"https:\/\/www.bealertcaribbean.com\/fr\/#organization"},"potentialAction":[{"@type":"SearchAction","target":{"@type":"EntryPoint","urlTemplate":"https:\/\/www.bealertcaribbean.com\/fr\/?s={search_term_string}"},"query-input":"required name=search_term_string"}],"inLanguage":"en-US"},{"@type":"Organization","@id":"https:\/\/www.bealertcaribbean.com\/fr\/#organization","name":"BeAlert powered by BahamasEvac","url":"https:\/\/www.bealertcaribbean.com\/fr\/","sameAs":[],"logo":{"@type":"ImageObject","inLanguage":"en-US","@id":"https:\/\/www.bealertcaribbean.com\/fr\/#\/schema\/logo\/image\/","url":"https:\/\/www.bealertcaribbean.com\/fr\/wp-content\/uploads\/2022\/03\/BE-Alert-logo.png","contentUrl":"https:\/\/www.bealertcaribbean.com\/fr\/wp-content\/uploads\/2022\/03\/BE-Alert-logo.png","width":1954,"height":759,"caption":"BeAlert powered by BahamasEvac"},"image":{"@id":"https:\/\/www.bealertcaribbean.com\/fr\/#\/schema\/logo\/image\/"}}]}},"_links":{"self":[{"href":"https:\/\/www.bealertcaribbean.com\/fr\/wp-json\/wp\/v2\/pages\/403","targetHints":{"allow":["GET"]}}],"collection":[{"href":"https:\/\/www.bealertcaribbean.com\/fr\/wp-json\/wp\/v2\/pages"}],"about":[{"href":"https:\/\/www.bealertcaribbean.com\/fr\/wp-json\/wp\/v2\/types\/page"}],"author":[{"embeddable":true,"href":"https:\/\/www.bealertcaribbean.com\/fr\/wp-json\/wp\/v2\/users\/1"}],"replies":[{"embeddable":true,"href":"https:\/\/www.bealertcaribbean.com\/fr\/wp-json\/wp\/v2\/comments?post=403"}],"version-history":[{"count":5,"href":"https:\/\/www.bealertcaribbean.com\/fr\/wp-json\/wp\/v2\/pages\/403\/revisions"}],"predecessor-version":[{"id":429,"href":"https:\/\/www.bealertcaribbean.com\/fr\/wp-json\/wp\/v2\/pages\/403\/revisions\/429"}],"wp:attachment":[{"href":"https:\/\/www.bealertcaribbean.com\/fr\/wp-json\/wp\/v2\/media?parent=403"}],"curies":[{"name":"wp","href":"https:\/\/api.w.org\/{rel}","templated":true}]}}